{"id":65,"date":"2024-09-09T14:42:24","date_gmt":"2024-09-09T13:42:24","guid":{"rendered":"https:\/\/www.beste-poker-seite.de\/domov\/"},"modified":"2024-09-09T14:42:24","modified_gmt":"2024-09-09T13:42:24","slug":"domov","status":"publish","type":"page","link":"https:\/\/www.beste-poker-seite.de\/cs\/","title":{"rendered":"Domov"},"content":{"rendered":"<h2>Jak\u00e1 je nejlep\u0161\u00ed online pokerov\u00e1 str\u00e1nka?<\/h2>\n<p>Na ot\u00e1zku, kter\u00e1 je nejlep\u0161\u00ed online pokerov\u00e1 str\u00e1nka, neexistuje snadn\u00e1 odpov\u011b\u010f. Odpov\u011b\u010f z\u00e1vis\u00ed na tom, \u010deho si jednotliv\u00fd hr\u00e1\u010d cen\u00ed nejv\u00edce, ale tak\u00e9 na tom, jak hraje. N\u011bkter\u00e9 pokerov\u00e9 str\u00e1nky nab\u00edzej\u00ed rychl\u00fd Texas Holdem Poker, na jin\u00fdch webov\u00fdch str\u00e1nk\u00e1ch najdete v\u00edce nebo m\u00e9n\u011b velkou nab\u00eddku i pro jin\u00e9 hry, jako je Omaha nebo Stud. N\u011bkter\u00e9 webov\u00e9 str\u00e1nky jsou v\u00edce zam\u011b\u0159eny na online kasina a pokerov\u00e1 herna je sp\u00ed\u0161e nevlastn\u00edm d\u00edt\u011btem, a proto je m\u00e9n\u011b doporu\u010dov\u00e1na.<\/p>\n<p>N\u011bkter\u00e9 webov\u00e9 str\u00e1nky jsou v\u00edce zam\u011b\u0159eny na online kasina a pokerov\u00e1 herna je sp\u00ed\u0161e nevlastn\u00edm d\u00edt\u011btem, a proto je m\u00e9n\u011b doporu\u010dov\u00e1na. Mnoho hr\u00e1\u010d\u016f tak\u00e9 jednodu\u0161e hled\u00e1 pokerov\u00e9 str\u00e1nky s nejvy\u0161\u0161\u00edm vkladov\u00fdm bonusem. Pak jsou tu samoz\u0159ejm\u011b tak\u00e9 \u201ehigh rollers\u201c, kte\u0159\u00ed hledaj\u00ed nejlep\u0161\u00ed pokerov\u00fd web pro hran\u00ed s vysok\u00fdmi s\u00e1zkami<\/p>\n<p>Existuje v\u0161ak cel\u00e1 \u0159ada dal\u0161\u00edch krit\u00e9ri\u00ed, jako je kvalita softwaru, zda je z\u00e1kaznick\u00fd servis dostupn\u00fd v n\u011bm\u010din\u011b, \u00farove\u0148 dovednost\u00ed oponent\u016f nebo dostupnost konkr\u00e9tn\u00edho zp\u016fsobu vkladu.<\/p>\n<p>Na na\u0161ich webov\u00fdch str\u00e1nk\u00e1ch naleznete tipy na online pokerov\u00e9 hry, kter\u00e9 nejl\u00e9pe spl\u0148uj\u00ed v\u0161echna krit\u00e9ria. Bez ohledu na to, co je pro v\u00e1s nejd\u016fle\u017eit\u011bj\u0161\u00ed, \u0159ekneme v\u00e1m, kter\u00e1 pokerov\u00e1 str\u00e1nka je pro v\u00e1s ta prav\u00e1.<\/p>\n<p>Vzhledem k tomu, \u017ee dobr\u00fd pokerov\u00fd bonus je d\u016fle\u017eit\u00fd pro ka\u017ed\u00e9ho hr\u00e1\u010de, obdr\u017e\u00edte od n\u00e1s tak\u00e9 informace o aktu\u00e1ln\u00edm nejvy\u0161\u0161\u00edm bonusu pro v\u0161echny online pokerov\u00e9 str\u00e1nky. Pro tento bonus je d\u016fle\u017eit\u00e9 zadat aktu\u00e1ln\u00ed pokerov\u00fd bonusov\u00fd k\u00f3d \u2013 tyto informace naleznete tak\u00e9 na na\u0161ich webov\u00fdch str\u00e1nk\u00e1ch.<\/p>\n<p>&nbsp;<\/p>\n","protected":false},"excerpt":{"rendered":"<p>Jak\u00e1 je nejlep\u0161\u00ed online pokerov\u00e1 str\u00e1nka? Na ot\u00e1zku, kter\u00e1 je nejlep\u0161\u00ed online pokerov\u00e1 str\u00e1nka, neexistuje snadn\u00e1 odpov\u011b\u010f. Odpov\u011b\u010f z\u00e1vis\u00ed na tom, \u010deho si jednotliv\u00fd hr\u00e1\u010d cen\u00ed nejv\u00edce, ale tak\u00e9 na tom, jak hraje. N\u011bkter\u00e9 pokerov\u00e9 str\u00e1nky nab\u00edzej\u00ed rychl\u00fd Texas Holdem Poker, na jin\u00fdch webov\u00fdch str\u00e1nk\u00e1ch najdete v\u00edce nebo m\u00e9n\u011b velkou nab\u00eddku i pro jin\u00e9 hry, [&hellip;]<\/p>\n","protected":false},"author":1,"featured_media":0,"parent":0,"menu_order":0,"comment_status":"closed","ping_status":"closed","template":"","meta":{"footnotes":""},"class_list":["post-65","page","type-page","status-publish","hentry"],"yoast_head":"<!-- This site is optimized with the Yoast SEO plugin v25.9 - https:\/\/yoast.com\/wordpress\/plugins\/seo\/ -->\n<title>Jak\u00e1 je nejlep\u0161\u00ed online pokerov\u00e1 str\u00e1nka?<\/title>\n<meta name=\"robots\" content=\"index, follow, max-snippet:-1, max-image-preview:large, max-video-preview:-1\" \/>\n<link rel=\"canonical\" href=\"https:\/\/www.beste-poker-seite.de\/cs\/\" \/>\n<meta property=\"og:locale\" content=\"cs_CZ\" \/>\n<meta property=\"og:type\" content=\"article\" \/>\n<meta property=\"og:title\" content=\"Jak\u00e1 je nejlep\u0161\u00ed online pokerov\u00e1 str\u00e1nka?\" \/>\n<meta property=\"og:description\" content=\"Jak\u00e1 je nejlep\u0161\u00ed online pokerov\u00e1 str\u00e1nka? Na ot\u00e1zku, kter\u00e1 je nejlep\u0161\u00ed online pokerov\u00e1 str\u00e1nka, neexistuje snadn\u00e1 odpov\u011b\u010f. Odpov\u011b\u010f z\u00e1vis\u00ed na tom, \u010deho si jednotliv\u00fd hr\u00e1\u010d cen\u00ed nejv\u00edce, ale tak\u00e9 na tom, jak hraje. N\u011bkter\u00e9 pokerov\u00e9 str\u00e1nky nab\u00edzej\u00ed rychl\u00fd Texas Holdem Poker, na jin\u00fdch webov\u00fdch str\u00e1nk\u00e1ch najdete v\u00edce nebo m\u00e9n\u011b velkou nab\u00eddku i pro jin\u00e9 hry, [&hellip;]\" \/>\n<meta property=\"og:url\" content=\"https:\/\/www.beste-poker-seite.de\/cs\/\" \/>\n<meta property=\"og:site_name\" content=\"Beste Poker Seite\" \/>\n<meta name=\"twitter:card\" content=\"summary_large_image\" \/>\n<meta name=\"twitter:label1\" content=\"Odhadovan\u00e1 doba \u010dten\u00ed\" \/>\n\t<meta name=\"twitter:data1\" content=\"2 minuty\" \/>\n<script type=\"application\/ld+json\" class=\"yoast-schema-graph\">{\"@context\":\"https:\/\/schema.org\",\"@graph\":[{\"@type\":\"WebPage\",\"@id\":\"https:\/\/www.beste-poker-seite.de\/cs\/\",\"url\":\"https:\/\/www.beste-poker-seite.de\/cs\/\",\"name\":\"Jak\u00e1 je nejlep\u0161\u00ed online pokerov\u00e1 str\u00e1nka?\",\"isPartOf\":{\"@id\":\"https:\/\/www.beste-poker-seite.de\/cs\/#website\"},\"datePublished\":\"2024-09-09T13:42:24+00:00\",\"breadcrumb\":{\"@id\":\"https:\/\/www.beste-poker-seite.de\/cs\/#breadcrumb\"},\"inLanguage\":\"cs\",\"potentialAction\":[{\"@type\":\"ReadAction\",\"target\":[\"https:\/\/www.beste-poker-seite.de\/cs\/\"]}]},{\"@type\":\"BreadcrumbList\",\"@id\":\"https:\/\/www.beste-poker-seite.de\/cs\/#breadcrumb\",\"itemListElement\":[{\"@type\":\"ListItem\",\"position\":1,\"name\":\"Home\",\"item\":\"https:\/\/www.beste-poker-seite.de\/cs\/domov\/\"},{\"@type\":\"ListItem\",\"position\":2,\"name\":\"Domov\"}]},{\"@type\":\"WebSite\",\"@id\":\"https:\/\/www.beste-poker-seite.de\/cs\/#website\",\"url\":\"https:\/\/www.beste-poker-seite.de\/cs\/\",\"name\":\"Beste Poker Seite\",\"description\":\"\",\"potentialAction\":[{\"@type\":\"SearchAction\",\"target\":{\"@type\":\"EntryPoint\",\"urlTemplate\":\"https:\/\/www.beste-poker-seite.de\/cs\/?s={search_term_string}\"},\"query-input\":{\"@type\":\"PropertyValueSpecification\",\"valueRequired\":true,\"valueName\":\"search_term_string\"}}],\"inLanguage\":\"cs\"}]}<\/script>\n<!-- \/ Yoast SEO plugin. -->","yoast_head_json":{"title":"Jak\u00e1 je nejlep\u0161\u00ed online pokerov\u00e1 str\u00e1nka?","robots":{"index":"index","follow":"follow","max-snippet":"max-snippet:-1","max-image-preview":"max-image-preview:large","max-video-preview":"max-video-preview:-1"},"canonical":"https:\/\/www.beste-poker-seite.de\/cs\/","og_locale":"cs_CZ","og_type":"article","og_title":"Jak\u00e1 je nejlep\u0161\u00ed online pokerov\u00e1 str\u00e1nka?","og_description":"Jak\u00e1 je nejlep\u0161\u00ed online pokerov\u00e1 str\u00e1nka? Na ot\u00e1zku, kter\u00e1 je nejlep\u0161\u00ed online pokerov\u00e1 str\u00e1nka, neexistuje snadn\u00e1 odpov\u011b\u010f. Odpov\u011b\u010f z\u00e1vis\u00ed na tom, \u010deho si jednotliv\u00fd hr\u00e1\u010d cen\u00ed nejv\u00edce, ale tak\u00e9 na tom, jak hraje. N\u011bkter\u00e9 pokerov\u00e9 str\u00e1nky nab\u00edzej\u00ed rychl\u00fd Texas Holdem Poker, na jin\u00fdch webov\u00fdch str\u00e1nk\u00e1ch najdete v\u00edce nebo m\u00e9n\u011b velkou nab\u00eddku i pro jin\u00e9 hry, [&hellip;]","og_url":"https:\/\/www.beste-poker-seite.de\/cs\/","og_site_name":"Beste Poker Seite","twitter_card":"summary_large_image","twitter_misc":{"Odhadovan\u00e1 doba \u010dten\u00ed":"2 minuty"},"schema":{"@context":"https:\/\/schema.org","@graph":[{"@type":"WebPage","@id":"https:\/\/www.beste-poker-seite.de\/cs\/","url":"https:\/\/www.beste-poker-seite.de\/cs\/","name":"Jak\u00e1 je nejlep\u0161\u00ed online pokerov\u00e1 str\u00e1nka?","isPartOf":{"@id":"https:\/\/www.beste-poker-seite.de\/cs\/#website"},"datePublished":"2024-09-09T13:42:24+00:00","breadcrumb":{"@id":"https:\/\/www.beste-poker-seite.de\/cs\/#breadcrumb"},"inLanguage":"cs","potentialAction":[{"@type":"ReadAction","target":["https:\/\/www.beste-poker-seite.de\/cs\/"]}]},{"@type":"BreadcrumbList","@id":"https:\/\/www.beste-poker-seite.de\/cs\/#breadcrumb","itemListElement":[{"@type":"ListItem","position":1,"name":"Home","item":"https:\/\/www.beste-poker-seite.de\/cs\/domov\/"},{"@type":"ListItem","position":2,"name":"Domov"}]},{"@type":"WebSite","@id":"https:\/\/www.beste-poker-seite.de\/cs\/#website","url":"https:\/\/www.beste-poker-seite.de\/cs\/","name":"Beste Poker Seite","description":"","potentialAction":[{"@type":"SearchAction","target":{"@type":"EntryPoint","urlTemplate":"https:\/\/www.beste-poker-seite.de\/cs\/?s={search_term_string}"},"query-input":{"@type":"PropertyValueSpecification","valueRequired":true,"valueName":"search_term_string"}}],"inLanguage":"cs"}]}},"_links":{"self":[{"href":"https:\/\/www.beste-poker-seite.de\/cs\/wp-json\/wp\/v2\/pages\/65","targetHints":{"allow":["GET"]}}],"collection":[{"href":"https:\/\/www.beste-poker-seite.de\/cs\/wp-json\/wp\/v2\/pages"}],"about":[{"href":"https:\/\/www.beste-poker-seite.de\/cs\/wp-json\/wp\/v2\/types\/page"}],"author":[{"embeddable":true,"href":"https:\/\/www.beste-poker-seite.de\/cs\/wp-json\/wp\/v2\/users\/1"}],"replies":[{"embeddable":true,"href":"https:\/\/www.beste-poker-seite.de\/cs\/wp-json\/wp\/v2\/comments?post=65"}],"version-history":[{"count":0,"href":"https:\/\/www.beste-poker-seite.de\/cs\/wp-json\/wp\/v2\/pages\/65\/revisions"}],"wp:attachment":[{"href":"https:\/\/www.beste-poker-seite.de\/cs\/wp-json\/wp\/v2\/media?parent=65"}],"curies":[{"name":"wp","href":"https:\/\/api.w.org\/{rel}","templated":true}]}}