{"id":82,"date":"2024-09-09T14:42:24","date_gmt":"2024-09-09T13:42:24","guid":{"rendered":"https:\/\/www.beste-poker-seite.de\/hjem\/"},"modified":"2024-09-09T14:42:24","modified_gmt":"2024-09-09T13:42:24","slug":"hjem","status":"publish","type":"page","link":"https:\/\/www.beste-poker-seite.de\/da\/","title":{"rendered":"Hjem"},"content":{"rendered":"<h2>Hvilken er den bedste online pokerside?<\/h2>\n<p>P\u00e5 sp\u00f8rgsm\u00e5let om, hvilken der er den bedste online pokerside, er der ikke noget enkelt svar. Svaret afh\u00e6nger ogs\u00e5 af, hvilken v\u00e6rdi den enkelte spiller har, men ogs\u00e5 af, hvordan han spiller. Nogle pokersider tilbyder hurtigt udelukkende Texas Holdem Poker, ved andre hjemmesider igen finder man et mere eller mindre stort tilbud ogs\u00e5 ved andre spil som Omaha eller Stud vor. Mange hjemmesider er mere orienteret mod onlinekasino, og pokerrummet er mere et stiefkind og derfor mindre anbefalelsesv\u00e6rdigt.   <\/p>\n<p>For en typisk Cash Game-spiller er eksempelvis Bet365 Poker den bedste online pokerside, mens en Turnier-spiller snarere foretr\u00e6kker 888 Poker. Mange spillere kigger ogs\u00e5 bare efter pokerwebsiden med den h\u00f8jeste indbetalingsbonus. S\u00e5 igen findes der naturligvis ogs\u00e5 de &#8220;High Roller&#8221;, som derfor s\u00f8ger efter den bedste pokerside for dette spil med h\u00f8je indsatser  <\/p>\n<p>Men der findes ogs\u00e5 en hel r\u00e6kke andre kriterier, som f.eks. softwarens kvalitet, sp\u00f8rgsm\u00e5let om, hvorvidt en kundetjeneste p\u00e5 tysk er tilg\u00e6ngelig, modstandernes spilstyrke eller tilg\u00e6ngeligheden af en bestemt indbetalingsmetode.<\/p>\n<p>P\u00e5 vores hjemmeside finder du dine anbefalinger af online pokersider, som opfylder bestemte kriterier bedst muligt. Helt ligegyldigt, hvad der er vigtigst for jer, siger vi jer, hvilken pokerside der er den rigtige for jer. <\/p>\n<p>Da en god pokerbonus er vigtig for enhver spiller, f\u00e5r du ogs\u00e5 for alle online pokersider oplysninger om den aktuelle h\u00f8jeste bonus fra os. Vigtigt for denne bonus er at indtaste den aktuelle pokerbonuskode &#8211; ogs\u00e5 disse oplysninger finder du p\u00e5 vores hjemmeside. <\/p>\n<p>&nbsp;<\/p>\n","protected":false},"excerpt":{"rendered":"<p>Hvilken er den bedste online pokerside? P\u00e5 sp\u00f8rgsm\u00e5let om, hvilken der er den bedste online pokerside, er der ikke noget enkelt svar. Svaret afh\u00e6nger ogs\u00e5 af, hvilken v\u00e6rdi den enkelte spiller har, men ogs\u00e5 af, hvordan han spiller. Nogle pokersider tilbyder hurtigt udelukkende Texas Holdem Poker, ved andre hjemmesider igen finder man et mere eller [&hellip;]<\/p>\n","protected":false},"author":1,"featured_media":0,"parent":0,"menu_order":0,"comment_status":"closed","ping_status":"closed","template":"","meta":{"footnotes":""},"class_list":["post-82","page","type-page","status-publish","hentry"],"yoast_head":"<!-- This site is optimized with the Yoast SEO plugin v25.9 - https:\/\/yoast.com\/wordpress\/plugins\/seo\/ -->\n<title>Hvilken er den bedste online pokerside?<\/title>\n<meta name=\"robots\" content=\"index, follow, max-snippet:-1, max-image-preview:large, max-video-preview:-1\" \/>\n<link rel=\"canonical\" href=\"https:\/\/www.beste-poker-seite.de\/da\/\" \/>\n<meta property=\"og:locale\" content=\"da_DK\" \/>\n<meta property=\"og:type\" content=\"article\" \/>\n<meta property=\"og:title\" content=\"Hvilken er den bedste online pokerside?\" \/>\n<meta property=\"og:description\" content=\"Hvilken er den bedste online pokerside? P\u00e5 sp\u00f8rgsm\u00e5let om, hvilken der er den bedste online pokerside, er der ikke noget enkelt svar. Svaret afh\u00e6nger ogs\u00e5 af, hvilken v\u00e6rdi den enkelte spiller har, men ogs\u00e5 af, hvordan han spiller. Nogle pokersider tilbyder hurtigt udelukkende Texas Holdem Poker, ved andre hjemmesider igen finder man et mere eller [&hellip;]\" \/>\n<meta property=\"og:url\" content=\"https:\/\/www.beste-poker-seite.de\/da\/\" \/>\n<meta property=\"og:site_name\" content=\"Beste Poker Seite\" \/>\n<meta name=\"twitter:card\" content=\"summary_large_image\" \/>\n<meta name=\"twitter:label1\" content=\"Estimeret l\u00e6setid\" \/>\n\t<meta name=\"twitter:data1\" content=\"1 minut\" \/>\n<script type=\"application\/ld+json\" class=\"yoast-schema-graph\">{\"@context\":\"https:\/\/schema.org\",\"@graph\":[{\"@type\":\"WebPage\",\"@id\":\"https:\/\/www.beste-poker-seite.de\/da\/\",\"url\":\"https:\/\/www.beste-poker-seite.de\/da\/\",\"name\":\"Hvilken er den bedste online pokerside?\",\"isPartOf\":{\"@id\":\"https:\/\/www.beste-poker-seite.de\/da\/#website\"},\"datePublished\":\"2024-09-09T13:42:24+00:00\",\"breadcrumb\":{\"@id\":\"https:\/\/www.beste-poker-seite.de\/da\/#breadcrumb\"},\"inLanguage\":\"da-DK\",\"potentialAction\":[{\"@type\":\"ReadAction\",\"target\":[\"https:\/\/www.beste-poker-seite.de\/da\/\"]}]},{\"@type\":\"BreadcrumbList\",\"@id\":\"https:\/\/www.beste-poker-seite.de\/da\/#breadcrumb\",\"itemListElement\":[{\"@type\":\"ListItem\",\"position\":1,\"name\":\"Home\",\"item\":\"https:\/\/www.beste-poker-seite.de\/da\/hjem\/\"},{\"@type\":\"ListItem\",\"position\":2,\"name\":\"Hjem\"}]},{\"@type\":\"WebSite\",\"@id\":\"https:\/\/www.beste-poker-seite.de\/da\/#website\",\"url\":\"https:\/\/www.beste-poker-seite.de\/da\/\",\"name\":\"Beste Poker Seite\",\"description\":\"\",\"potentialAction\":[{\"@type\":\"SearchAction\",\"target\":{\"@type\":\"EntryPoint\",\"urlTemplate\":\"https:\/\/www.beste-poker-seite.de\/da\/?s={search_term_string}\"},\"query-input\":{\"@type\":\"PropertyValueSpecification\",\"valueRequired\":true,\"valueName\":\"search_term_string\"}}],\"inLanguage\":\"da-DK\"}]}<\/script>\n<!-- \/ Yoast SEO plugin. -->","yoast_head_json":{"title":"Hvilken er den bedste online pokerside?","robots":{"index":"index","follow":"follow","max-snippet":"max-snippet:-1","max-image-preview":"max-image-preview:large","max-video-preview":"max-video-preview:-1"},"canonical":"https:\/\/www.beste-poker-seite.de\/da\/","og_locale":"da_DK","og_type":"article","og_title":"Hvilken er den bedste online pokerside?","og_description":"Hvilken er den bedste online pokerside? P\u00e5 sp\u00f8rgsm\u00e5let om, hvilken der er den bedste online pokerside, er der ikke noget enkelt svar. Svaret afh\u00e6nger ogs\u00e5 af, hvilken v\u00e6rdi den enkelte spiller har, men ogs\u00e5 af, hvordan han spiller. Nogle pokersider tilbyder hurtigt udelukkende Texas Holdem Poker, ved andre hjemmesider igen finder man et mere eller [&hellip;]","og_url":"https:\/\/www.beste-poker-seite.de\/da\/","og_site_name":"Beste Poker Seite","twitter_card":"summary_large_image","twitter_misc":{"Estimeret l\u00e6setid":"1 minut"},"schema":{"@context":"https:\/\/schema.org","@graph":[{"@type":"WebPage","@id":"https:\/\/www.beste-poker-seite.de\/da\/","url":"https:\/\/www.beste-poker-seite.de\/da\/","name":"Hvilken er den bedste online pokerside?","isPartOf":{"@id":"https:\/\/www.beste-poker-seite.de\/da\/#website"},"datePublished":"2024-09-09T13:42:24+00:00","breadcrumb":{"@id":"https:\/\/www.beste-poker-seite.de\/da\/#breadcrumb"},"inLanguage":"da-DK","potentialAction":[{"@type":"ReadAction","target":["https:\/\/www.beste-poker-seite.de\/da\/"]}]},{"@type":"BreadcrumbList","@id":"https:\/\/www.beste-poker-seite.de\/da\/#breadcrumb","itemListElement":[{"@type":"ListItem","position":1,"name":"Home","item":"https:\/\/www.beste-poker-seite.de\/da\/hjem\/"},{"@type":"ListItem","position":2,"name":"Hjem"}]},{"@type":"WebSite","@id":"https:\/\/www.beste-poker-seite.de\/da\/#website","url":"https:\/\/www.beste-poker-seite.de\/da\/","name":"Beste Poker Seite","description":"","potentialAction":[{"@type":"SearchAction","target":{"@type":"EntryPoint","urlTemplate":"https:\/\/www.beste-poker-seite.de\/da\/?s={search_term_string}"},"query-input":{"@type":"PropertyValueSpecification","valueRequired":true,"valueName":"search_term_string"}}],"inLanguage":"da-DK"}]}},"_links":{"self":[{"href":"https:\/\/www.beste-poker-seite.de\/da\/wp-json\/wp\/v2\/pages\/82","targetHints":{"allow":["GET"]}}],"collection":[{"href":"https:\/\/www.beste-poker-seite.de\/da\/wp-json\/wp\/v2\/pages"}],"about":[{"href":"https:\/\/www.beste-poker-seite.de\/da\/wp-json\/wp\/v2\/types\/page"}],"author":[{"embeddable":true,"href":"https:\/\/www.beste-poker-seite.de\/da\/wp-json\/wp\/v2\/users\/1"}],"replies":[{"embeddable":true,"href":"https:\/\/www.beste-poker-seite.de\/da\/wp-json\/wp\/v2\/comments?post=82"}],"version-history":[{"count":0,"href":"https:\/\/www.beste-poker-seite.de\/da\/wp-json\/wp\/v2\/pages\/82\/revisions"}],"wp:attachment":[{"href":"https:\/\/www.beste-poker-seite.de\/da\/wp-json\/wp\/v2\/media?parent=82"}],"curies":[{"name":"wp","href":"https:\/\/api.w.org\/{rel}","templated":true}]}}