{"id":269,"date":"2024-09-09T14:42:24","date_gmt":"2024-09-09T13:42:24","guid":{"rendered":"https:\/\/www.beste-poker-seite.de\/hogar\/"},"modified":"2024-09-09T14:42:24","modified_gmt":"2024-09-09T13:42:24","slug":"hogar","status":"publish","type":"page","link":"https:\/\/www.beste-poker-seite.de\/es\/","title":{"rendered":"Hogar"},"content":{"rendered":"<h2>\u00bfCu\u00e1l es el mejor sitio de p\u00f3quer en l\u00ednea?<\/h2>\n<p>No existe una respuesta f\u00e1cil a la pregunta de cu\u00e1l es el mejor sitio de p\u00f3quer en l\u00ednea. La respuesta depende de lo que m\u00e1s valora cada jugador, pero tambi\u00e9n de c\u00f3mo juega. Algunos sitios de p\u00f3quer ofrecen casi exclusivamente Texas Holdem Poker, mientras que otros sitios web tambi\u00e9n ofrecen una selecci\u00f3n m\u00e1s o menos grande de otros juegos como Omaha o Stud. Algunos sitios web est\u00e1n m\u00e1s orientados a los casinos en l\u00ednea y la sala de p\u00f3quer es m\u00e1s bien un hijastro y, por lo tanto, menos recomendable.<\/p>\n<p>Por ejemplo, para un jugador t\u00edpico de juegos con dinero en efectivo, Bet365 Poker puede ser el mejor sitio de p\u00f3quer en l\u00ednea, mientras que un jugador de torneos puede preferir 888 Poker. Muchos jugadores tambi\u00e9n simplemente buscan el sitio web de p\u00f3quer con el bono de dep\u00f3sito m\u00e1s alto. Luego, por supuesto, tambi\u00e9n est\u00e1n los \u00abgrandes apostadores\u00bb, que buscan el mejor sitio web de p\u00f3quer para jugar con apuestas altas.<\/p>\n<p>Pero hay muchos otros criterios, como la calidad del software, si el servicio de atenci\u00f3n al cliente est\u00e1 disponible en alem\u00e1n, el nivel de habilidad de los oponentes o la disponibilidad de un m\u00e9todo de dep\u00f3sito espec\u00edfico.<\/p>\n<p>En nuestro sitio web encontrar\u00e1 recomendaciones de los sitios de p\u00f3quer en l\u00ednea que mejor cumplen ciertos criterios. No importa qu\u00e9 es lo m\u00e1s importante para ti, te diremos qu\u00e9 sitio de p\u00f3quer es el adecuado para ti.<\/p>\n<p>Dado que un buen bono de p\u00f3quer es importante para todos los jugadores, tambi\u00e9n recibir\u00e1 informaci\u00f3n de nuestra parte sobre el bono m\u00e1s alto actual para todos los sitios de p\u00f3quer en l\u00ednea. Para obtener este bono, es importante introducir el c\u00f3digo de bono de p\u00f3quer actual; tambi\u00e9n puede encontrar esta informaci\u00f3n en nuestro sitio web.<\/p>\n<p>&nbsp;<\/p>\n","protected":false},"excerpt":{"rendered":"<p>\u00bfCu\u00e1l es el mejor sitio de p\u00f3quer en l\u00ednea? No existe una respuesta f\u00e1cil a la pregunta de cu\u00e1l es el mejor sitio de p\u00f3quer en l\u00ednea. La respuesta depende de lo que m\u00e1s valora cada jugador, pero tambi\u00e9n de c\u00f3mo juega. Algunos sitios de p\u00f3quer ofrecen casi exclusivamente Texas Holdem Poker, mientras que otros [&hellip;]<\/p>\n","protected":false},"author":1,"featured_media":0,"parent":0,"menu_order":0,"comment_status":"closed","ping_status":"closed","template":"","meta":{"footnotes":""},"class_list":["post-269","page","type-page","status-publish","hentry"],"yoast_head":"<!-- This site is optimized with the Yoast SEO plugin v25.9 - https:\/\/yoast.com\/wordpress\/plugins\/seo\/ -->\n<title>\u00bfCu\u00e1l es el mejor sitio de p\u00f3quer en l\u00ednea?<\/title>\n<meta name=\"robots\" content=\"index, follow, max-snippet:-1, max-image-preview:large, max-video-preview:-1\" \/>\n<link rel=\"canonical\" href=\"https:\/\/www.beste-poker-seite.de\/es\/\" \/>\n<meta property=\"og:locale\" content=\"es_ES\" \/>\n<meta property=\"og:type\" content=\"article\" \/>\n<meta property=\"og:title\" content=\"\u00bfCu\u00e1l es el mejor sitio de p\u00f3quer en l\u00ednea?\" \/>\n<meta property=\"og:description\" content=\"\u00bfCu\u00e1l es el mejor sitio de p\u00f3quer en l\u00ednea? No existe una respuesta f\u00e1cil a la pregunta de cu\u00e1l es el mejor sitio de p\u00f3quer en l\u00ednea. La respuesta depende de lo que m\u00e1s valora cada jugador, pero tambi\u00e9n de c\u00f3mo juega. Algunos sitios de p\u00f3quer ofrecen casi exclusivamente Texas Holdem Poker, mientras que otros [&hellip;]\" \/>\n<meta property=\"og:url\" content=\"https:\/\/www.beste-poker-seite.de\/es\/\" \/>\n<meta property=\"og:site_name\" content=\"Beste Poker Seite\" \/>\n<meta name=\"twitter:card\" content=\"summary_large_image\" \/>\n<meta name=\"twitter:label1\" content=\"Tiempo de lectura\" \/>\n\t<meta name=\"twitter:data1\" content=\"2 minutos\" \/>\n<script type=\"application\/ld+json\" class=\"yoast-schema-graph\">{\"@context\":\"https:\/\/schema.org\",\"@graph\":[{\"@type\":\"WebPage\",\"@id\":\"https:\/\/www.beste-poker-seite.de\/es\/\",\"url\":\"https:\/\/www.beste-poker-seite.de\/es\/\",\"name\":\"\u00bfCu\u00e1l es el mejor sitio de p\u00f3quer en l\u00ednea?\",\"isPartOf\":{\"@id\":\"https:\/\/www.beste-poker-seite.de\/es\/#website\"},\"datePublished\":\"2024-09-09T13:42:24+00:00\",\"breadcrumb\":{\"@id\":\"https:\/\/www.beste-poker-seite.de\/es\/#breadcrumb\"},\"inLanguage\":\"es\",\"potentialAction\":[{\"@type\":\"ReadAction\",\"target\":[\"https:\/\/www.beste-poker-seite.de\/es\/\"]}]},{\"@type\":\"BreadcrumbList\",\"@id\":\"https:\/\/www.beste-poker-seite.de\/es\/#breadcrumb\",\"itemListElement\":[{\"@type\":\"ListItem\",\"position\":1,\"name\":\"Home\",\"item\":\"https:\/\/www.beste-poker-seite.de\/es\/hogar\/\"},{\"@type\":\"ListItem\",\"position\":2,\"name\":\"Hogar\"}]},{\"@type\":\"WebSite\",\"@id\":\"https:\/\/www.beste-poker-seite.de\/es\/#website\",\"url\":\"https:\/\/www.beste-poker-seite.de\/es\/\",\"name\":\"Beste Poker Seite\",\"description\":\"\",\"potentialAction\":[{\"@type\":\"SearchAction\",\"target\":{\"@type\":\"EntryPoint\",\"urlTemplate\":\"https:\/\/www.beste-poker-seite.de\/es\/?s={search_term_string}\"},\"query-input\":{\"@type\":\"PropertyValueSpecification\",\"valueRequired\":true,\"valueName\":\"search_term_string\"}}],\"inLanguage\":\"es\"}]}<\/script>\n<!-- \/ Yoast SEO plugin. -->","yoast_head_json":{"title":"\u00bfCu\u00e1l es el mejor sitio de p\u00f3quer en l\u00ednea?","robots":{"index":"index","follow":"follow","max-snippet":"max-snippet:-1","max-image-preview":"max-image-preview:large","max-video-preview":"max-video-preview:-1"},"canonical":"https:\/\/www.beste-poker-seite.de\/es\/","og_locale":"es_ES","og_type":"article","og_title":"\u00bfCu\u00e1l es el mejor sitio de p\u00f3quer en l\u00ednea?","og_description":"\u00bfCu\u00e1l es el mejor sitio de p\u00f3quer en l\u00ednea? No existe una respuesta f\u00e1cil a la pregunta de cu\u00e1l es el mejor sitio de p\u00f3quer en l\u00ednea. La respuesta depende de lo que m\u00e1s valora cada jugador, pero tambi\u00e9n de c\u00f3mo juega. Algunos sitios de p\u00f3quer ofrecen casi exclusivamente Texas Holdem Poker, mientras que otros [&hellip;]","og_url":"https:\/\/www.beste-poker-seite.de\/es\/","og_site_name":"Beste Poker Seite","twitter_card":"summary_large_image","twitter_misc":{"Tiempo de lectura":"2 minutos"},"schema":{"@context":"https:\/\/schema.org","@graph":[{"@type":"WebPage","@id":"https:\/\/www.beste-poker-seite.de\/es\/","url":"https:\/\/www.beste-poker-seite.de\/es\/","name":"\u00bfCu\u00e1l es el mejor sitio de p\u00f3quer en l\u00ednea?","isPartOf":{"@id":"https:\/\/www.beste-poker-seite.de\/es\/#website"},"datePublished":"2024-09-09T13:42:24+00:00","breadcrumb":{"@id":"https:\/\/www.beste-poker-seite.de\/es\/#breadcrumb"},"inLanguage":"es","potentialAction":[{"@type":"ReadAction","target":["https:\/\/www.beste-poker-seite.de\/es\/"]}]},{"@type":"BreadcrumbList","@id":"https:\/\/www.beste-poker-seite.de\/es\/#breadcrumb","itemListElement":[{"@type":"ListItem","position":1,"name":"Home","item":"https:\/\/www.beste-poker-seite.de\/es\/hogar\/"},{"@type":"ListItem","position":2,"name":"Hogar"}]},{"@type":"WebSite","@id":"https:\/\/www.beste-poker-seite.de\/es\/#website","url":"https:\/\/www.beste-poker-seite.de\/es\/","name":"Beste Poker Seite","description":"","potentialAction":[{"@type":"SearchAction","target":{"@type":"EntryPoint","urlTemplate":"https:\/\/www.beste-poker-seite.de\/es\/?s={search_term_string}"},"query-input":{"@type":"PropertyValueSpecification","valueRequired":true,"valueName":"search_term_string"}}],"inLanguage":"es"}]}},"_links":{"self":[{"href":"https:\/\/www.beste-poker-seite.de\/es\/wp-json\/wp\/v2\/pages\/269","targetHints":{"allow":["GET"]}}],"collection":[{"href":"https:\/\/www.beste-poker-seite.de\/es\/wp-json\/wp\/v2\/pages"}],"about":[{"href":"https:\/\/www.beste-poker-seite.de\/es\/wp-json\/wp\/v2\/types\/page"}],"author":[{"embeddable":true,"href":"https:\/\/www.beste-poker-seite.de\/es\/wp-json\/wp\/v2\/users\/1"}],"replies":[{"embeddable":true,"href":"https:\/\/www.beste-poker-seite.de\/es\/wp-json\/wp\/v2\/comments?post=269"}],"version-history":[{"count":0,"href":"https:\/\/www.beste-poker-seite.de\/es\/wp-json\/wp\/v2\/pages\/269\/revisions"}],"wp:attachment":[{"href":"https:\/\/www.beste-poker-seite.de\/es\/wp-json\/wp\/v2\/media?parent=269"}],"curies":[{"name":"wp","href":"https:\/\/api.w.org\/{rel}","templated":true}]}}