{"id":133,"date":"2024-09-09T14:42:24","date_gmt":"2024-09-09T13:42:24","guid":{"rendered":"https:\/\/www.beste-poker-seite.de\/maison\/"},"modified":"2024-09-09T14:42:24","modified_gmt":"2024-09-09T13:42:24","slug":"maison","status":"publish","type":"page","link":"https:\/\/www.beste-poker-seite.de\/fr\/","title":{"rendered":"Maison"},"content":{"rendered":"<h2>Quel est le meilleur site de poker en ligne ?<\/h2>\n<p>Il n\u2019y a pas de r\u00e9ponse facile \u00e0 la question de savoir quel est le meilleur site de poker en ligne. La r\u00e9ponse d\u00e9pend de ce que chaque joueur appr\u00e9cie le plus, mais aussi de la fa\u00e7on dont il joue. Certains sites de poker proposent presque exclusivement du Texas Holdem Poker, tandis que d&rsquo;autres sites proposent \u00e9galement une s\u00e9lection plus ou moins large d&rsquo;autres jeux comme l&rsquo;Omaha ou le Stud. Certains sites Web sont davantage orient\u00e9s vers les casinos en ligne, et la salle de poker est plut\u00f4t une belle-fille et donc moins recommand\u00e9e.<\/p>\n<p>Par exemple, pour un joueur typique de cash game, Bet365 Poker peut \u00eatre le meilleur site de poker en ligne, tandis qu&rsquo;un joueur de tournoi peut pr\u00e9f\u00e9rer 888 Poker. De nombreux joueurs recherchent \u00e9galement simplement le site de poker offrant le bonus de d\u00e9p\u00f4t le plus \u00e9lev\u00e9. Et bien s\u00fbr, il y a aussi les \u00ab high rollers \u00bb, qui recherchent le meilleur site de poker pour jouer avec des enjeux \u00e9lev\u00e9s.<\/p>\n<p>Mais il existe toute une s\u00e9rie d&rsquo;autres crit\u00e8res, comme la qualit\u00e9 du logiciel, la disponibilit\u00e9 du service client en allemand, le niveau de comp\u00e9tence des adversaires ou encore la disponibilit\u00e9 d&rsquo;une m\u00e9thode de d\u00e9p\u00f4t sp\u00e9cifique.<\/p>\n<p>Sur notre site Web, vous trouverez des recommandations de sites de poker en ligne qui r\u00e9pondent le mieux \u00e0 certains crit\u00e8res. Peu importe ce qui est le plus important pour vous, nous vous dirons quel site de poker vous convient le mieux.<\/p>\n<p>Comme un bon bonus de poker est important pour chaque joueur, vous recevrez \u00e9galement de notre part des informations sur le bonus le plus \u00e9lev\u00e9 actuel de tous les sites de poker en ligne. Il est important pour ce bonus de saisir le code bonus de poker actuel &#8211; vous pouvez \u00e9galement trouver cette information sur notre site Web.<\/p>\n<p>&nbsp;<\/p>\n","protected":false},"excerpt":{"rendered":"<p>Quel est le meilleur site de poker en ligne ? Il n\u2019y a pas de r\u00e9ponse facile \u00e0 la question de savoir quel est le meilleur site de poker en ligne. La r\u00e9ponse d\u00e9pend de ce que chaque joueur appr\u00e9cie le plus, mais aussi de la fa\u00e7on dont il joue. Certains sites de poker proposent [&hellip;]<\/p>\n","protected":false},"author":1,"featured_media":0,"parent":0,"menu_order":0,"comment_status":"closed","ping_status":"closed","template":"","meta":{"footnotes":""},"class_list":["post-133","page","type-page","status-publish","hentry"],"yoast_head":"<!-- This site is optimized with the Yoast SEO plugin v25.9 - https:\/\/yoast.com\/wordpress\/plugins\/seo\/ -->\n<title>Quel est le meilleur site de poker en ligne ?<\/title>\n<meta name=\"robots\" content=\"index, follow, max-snippet:-1, max-image-preview:large, max-video-preview:-1\" \/>\n<link rel=\"canonical\" href=\"https:\/\/www.beste-poker-seite.de\/fr\/\" \/>\n<meta property=\"og:locale\" content=\"fr_FR\" \/>\n<meta property=\"og:type\" content=\"article\" \/>\n<meta property=\"og:title\" content=\"Quel est le meilleur site de poker en ligne ?\" \/>\n<meta property=\"og:description\" content=\"Quel est le meilleur site de poker en ligne ? Il n\u2019y a pas de r\u00e9ponse facile \u00e0 la question de savoir quel est le meilleur site de poker en ligne. La r\u00e9ponse d\u00e9pend de ce que chaque joueur appr\u00e9cie le plus, mais aussi de la fa\u00e7on dont il joue. Certains sites de poker proposent [&hellip;]\" \/>\n<meta property=\"og:url\" content=\"https:\/\/www.beste-poker-seite.de\/fr\/\" \/>\n<meta property=\"og:site_name\" content=\"Beste Poker Seite\" \/>\n<meta name=\"twitter:card\" content=\"summary_large_image\" \/>\n<meta name=\"twitter:label1\" content=\"Dur\u00e9e de lecture estim\u00e9e\" \/>\n\t<meta name=\"twitter:data1\" content=\"2 minutes\" \/>\n<script type=\"application\/ld+json\" class=\"yoast-schema-graph\">{\"@context\":\"https:\/\/schema.org\",\"@graph\":[{\"@type\":\"WebPage\",\"@id\":\"https:\/\/www.beste-poker-seite.de\/fr\/\",\"url\":\"https:\/\/www.beste-poker-seite.de\/fr\/\",\"name\":\"Quel est le meilleur site de poker en ligne ?\",\"isPartOf\":{\"@id\":\"https:\/\/www.beste-poker-seite.de\/fr\/#website\"},\"datePublished\":\"2024-09-09T13:42:24+00:00\",\"breadcrumb\":{\"@id\":\"https:\/\/www.beste-poker-seite.de\/fr\/#breadcrumb\"},\"inLanguage\":\"fr-FR\",\"potentialAction\":[{\"@type\":\"ReadAction\",\"target\":[\"https:\/\/www.beste-poker-seite.de\/fr\/\"]}]},{\"@type\":\"BreadcrumbList\",\"@id\":\"https:\/\/www.beste-poker-seite.de\/fr\/#breadcrumb\",\"itemListElement\":[{\"@type\":\"ListItem\",\"position\":1,\"name\":\"Home\",\"item\":\"https:\/\/www.beste-poker-seite.de\/fr\/maison\/\"},{\"@type\":\"ListItem\",\"position\":2,\"name\":\"Maison\"}]},{\"@type\":\"WebSite\",\"@id\":\"https:\/\/www.beste-poker-seite.de\/fr\/#website\",\"url\":\"https:\/\/www.beste-poker-seite.de\/fr\/\",\"name\":\"Beste Poker Seite\",\"description\":\"\",\"potentialAction\":[{\"@type\":\"SearchAction\",\"target\":{\"@type\":\"EntryPoint\",\"urlTemplate\":\"https:\/\/www.beste-poker-seite.de\/fr\/?s={search_term_string}\"},\"query-input\":{\"@type\":\"PropertyValueSpecification\",\"valueRequired\":true,\"valueName\":\"search_term_string\"}}],\"inLanguage\":\"fr-FR\"}]}<\/script>\n<!-- \/ Yoast SEO plugin. -->","yoast_head_json":{"title":"Quel est le meilleur site de poker en ligne ?","robots":{"index":"index","follow":"follow","max-snippet":"max-snippet:-1","max-image-preview":"max-image-preview:large","max-video-preview":"max-video-preview:-1"},"canonical":"https:\/\/www.beste-poker-seite.de\/fr\/","og_locale":"fr_FR","og_type":"article","og_title":"Quel est le meilleur site de poker en ligne ?","og_description":"Quel est le meilleur site de poker en ligne ? Il n\u2019y a pas de r\u00e9ponse facile \u00e0 la question de savoir quel est le meilleur site de poker en ligne. La r\u00e9ponse d\u00e9pend de ce que chaque joueur appr\u00e9cie le plus, mais aussi de la fa\u00e7on dont il joue. Certains sites de poker proposent [&hellip;]","og_url":"https:\/\/www.beste-poker-seite.de\/fr\/","og_site_name":"Beste Poker Seite","twitter_card":"summary_large_image","twitter_misc":{"Dur\u00e9e de lecture estim\u00e9e":"2 minutes"},"schema":{"@context":"https:\/\/schema.org","@graph":[{"@type":"WebPage","@id":"https:\/\/www.beste-poker-seite.de\/fr\/","url":"https:\/\/www.beste-poker-seite.de\/fr\/","name":"Quel est le meilleur site de poker en ligne ?","isPartOf":{"@id":"https:\/\/www.beste-poker-seite.de\/fr\/#website"},"datePublished":"2024-09-09T13:42:24+00:00","breadcrumb":{"@id":"https:\/\/www.beste-poker-seite.de\/fr\/#breadcrumb"},"inLanguage":"fr-FR","potentialAction":[{"@type":"ReadAction","target":["https:\/\/www.beste-poker-seite.de\/fr\/"]}]},{"@type":"BreadcrumbList","@id":"https:\/\/www.beste-poker-seite.de\/fr\/#breadcrumb","itemListElement":[{"@type":"ListItem","position":1,"name":"Home","item":"https:\/\/www.beste-poker-seite.de\/fr\/maison\/"},{"@type":"ListItem","position":2,"name":"Maison"}]},{"@type":"WebSite","@id":"https:\/\/www.beste-poker-seite.de\/fr\/#website","url":"https:\/\/www.beste-poker-seite.de\/fr\/","name":"Beste Poker Seite","description":"","potentialAction":[{"@type":"SearchAction","target":{"@type":"EntryPoint","urlTemplate":"https:\/\/www.beste-poker-seite.de\/fr\/?s={search_term_string}"},"query-input":{"@type":"PropertyValueSpecification","valueRequired":true,"valueName":"search_term_string"}}],"inLanguage":"fr-FR"}]}},"_links":{"self":[{"href":"https:\/\/www.beste-poker-seite.de\/fr\/wp-json\/wp\/v2\/pages\/133","targetHints":{"allow":["GET"]}}],"collection":[{"href":"https:\/\/www.beste-poker-seite.de\/fr\/wp-json\/wp\/v2\/pages"}],"about":[{"href":"https:\/\/www.beste-poker-seite.de\/fr\/wp-json\/wp\/v2\/types\/page"}],"author":[{"embeddable":true,"href":"https:\/\/www.beste-poker-seite.de\/fr\/wp-json\/wp\/v2\/users\/1"}],"replies":[{"embeddable":true,"href":"https:\/\/www.beste-poker-seite.de\/fr\/wp-json\/wp\/v2\/comments?post=133"}],"version-history":[{"count":0,"href":"https:\/\/www.beste-poker-seite.de\/fr\/wp-json\/wp\/v2\/pages\/133\/revisions"}],"wp:attachment":[{"href":"https:\/\/www.beste-poker-seite.de\/fr\/wp-json\/wp\/v2\/media?parent=133"}],"curies":[{"name":"wp","href":"https:\/\/api.w.org\/{rel}","templated":true}]}}