{"id":184,"date":"2024-09-09T14:42:24","date_gmt":"2024-09-09T13:42:24","guid":{"rendered":"https:\/\/www.beste-poker-seite.de\/hjem\/"},"modified":"2024-09-09T14:42:24","modified_gmt":"2024-09-09T13:42:24","slug":"hjem","status":"publish","type":"page","link":"https:\/\/www.beste-poker-seite.de\/no\/","title":{"rendered":"Hjem"},"content":{"rendered":"<h2>Hvilken er den beste nettpokersiden?<\/h2>\n<p>Det er ikke noe enkelt svar p\u00e5 sp\u00f8rsm\u00e5let om hvilken som er den beste nettpokersiden. Svaret avhenger av hva den enkelte spiller setter mest pris p\u00e5, men ogs\u00e5 av hvordan han spiller. Noen pokersider tilbyr nesten utelukkende Texas Holdem Poker, mens andre nettsider ogs\u00e5 tilbyr et mer eller mindre stort utvalg av andre spill som Omaha eller Stud. Noen nettsteder er mer rettet mot nettkasinoer, og pokerrommet er mer et stebarn og derfor mindre anbefalt.   <\/p>\n<p>For eksempel, for en typisk pengespillspiller, kan Bet365 Poker v\u00e6re den beste nettpokersiden, mens en turneringsspiller kanskje foretrekker 888 Poker. Mange spillere ser ogs\u00e5 ganske enkelt etter pokernettstedet med den h\u00f8yeste innskuddsbonusen. S\u00e5 er det selvf\u00f8lgelig ogs\u00e5 &laquo;high rollers&raquo;, som leter etter det beste pokernettstedet for \u00e5 spille med h\u00f8ye innsatser  <\/p>\n<p>Men det er en hel rekke andre kriterier, som kvaliteten p\u00e5 programvaren, om kundeservice er tilgjengelig p\u00e5 tysk, ferdighetsniv\u00e5et til motstanderne eller tilgjengeligheten av en spesifikk innskuddsmetode.<\/p>\n<p>P\u00e5 nettsiden v\u00e5r finner du anbefalinger av nettpokersider som best oppfyller visse kriterier. Uansett hva som er viktigst for deg, vil vi fortelle deg hvilken pokerside som passer for deg. <\/p>\n<p>Siden en god pokerbonus er viktig for hver spiller, vil du ogs\u00e5 motta informasjon fra oss om den gjeldende h\u00f8yeste bonusen for alle online pokersider. Det er viktig for denne bonusen \u00e5 angi gjeldende pokerbonuskode &#8211; du kan ogs\u00e5 finne denne informasjonen p\u00e5 nettsiden v\u00e5r. <\/p>\n<p>&nbsp;<\/p>\n","protected":false},"excerpt":{"rendered":"<p>Hvilken er den beste nettpokersiden? Det er ikke noe enkelt svar p\u00e5 sp\u00f8rsm\u00e5let om hvilken som er den beste nettpokersiden. Svaret avhenger av hva den enkelte spiller setter mest pris p\u00e5, men ogs\u00e5 av hvordan han spiller. Noen pokersider tilbyr nesten utelukkende Texas Holdem Poker, mens andre nettsider ogs\u00e5 tilbyr et mer eller mindre stort [&hellip;]<\/p>\n","protected":false},"author":1,"featured_media":0,"parent":0,"menu_order":0,"comment_status":"closed","ping_status":"closed","template":"","meta":{"footnotes":""},"class_list":["post-184","page","type-page","status-publish","hentry"],"yoast_head":"<!-- This site is optimized with the Yoast SEO plugin v25.9 - https:\/\/yoast.com\/wordpress\/plugins\/seo\/ -->\n<title>Hvilken er den beste nettpokersiden?<\/title>\n<meta name=\"robots\" content=\"index, follow, max-snippet:-1, max-image-preview:large, max-video-preview:-1\" \/>\n<link rel=\"canonical\" href=\"https:\/\/www.beste-poker-seite.de\/no\/\" \/>\n<meta property=\"og:locale\" content=\"nb_NO\" \/>\n<meta property=\"og:type\" content=\"article\" \/>\n<meta property=\"og:title\" content=\"Hvilken er den beste nettpokersiden?\" \/>\n<meta property=\"og:description\" content=\"Hvilken er den beste nettpokersiden? Det er ikke noe enkelt svar p\u00e5 sp\u00f8rsm\u00e5let om hvilken som er den beste nettpokersiden. Svaret avhenger av hva den enkelte spiller setter mest pris p\u00e5, men ogs\u00e5 av hvordan han spiller. Noen pokersider tilbyr nesten utelukkende Texas Holdem Poker, mens andre nettsider ogs\u00e5 tilbyr et mer eller mindre stort [&hellip;]\" \/>\n<meta property=\"og:url\" content=\"https:\/\/www.beste-poker-seite.de\/no\/\" \/>\n<meta property=\"og:site_name\" content=\"Beste Poker Seite\" \/>\n<meta name=\"twitter:card\" content=\"summary_large_image\" \/>\n<meta name=\"twitter:label1\" content=\"Ansl. lesetid\" \/>\n\t<meta name=\"twitter:data1\" content=\"1 minutt\" \/>\n<script type=\"application\/ld+json\" class=\"yoast-schema-graph\">{\"@context\":\"https:\/\/schema.org\",\"@graph\":[{\"@type\":\"WebPage\",\"@id\":\"https:\/\/www.beste-poker-seite.de\/no\/\",\"url\":\"https:\/\/www.beste-poker-seite.de\/no\/\",\"name\":\"Hvilken er den beste nettpokersiden?\",\"isPartOf\":{\"@id\":\"https:\/\/www.beste-poker-seite.de\/no\/#website\"},\"datePublished\":\"2024-09-09T13:42:24+00:00\",\"breadcrumb\":{\"@id\":\"https:\/\/www.beste-poker-seite.de\/no\/#breadcrumb\"},\"inLanguage\":\"nb-NO\",\"potentialAction\":[{\"@type\":\"ReadAction\",\"target\":[\"https:\/\/www.beste-poker-seite.de\/no\/\"]}]},{\"@type\":\"BreadcrumbList\",\"@id\":\"https:\/\/www.beste-poker-seite.de\/no\/#breadcrumb\",\"itemListElement\":[{\"@type\":\"ListItem\",\"position\":1,\"name\":\"Home\",\"item\":\"https:\/\/www.beste-poker-seite.de\/no\/hjem\/\"},{\"@type\":\"ListItem\",\"position\":2,\"name\":\"Hjem\"}]},{\"@type\":\"WebSite\",\"@id\":\"https:\/\/www.beste-poker-seite.de\/no\/#website\",\"url\":\"https:\/\/www.beste-poker-seite.de\/no\/\",\"name\":\"Beste Poker Seite\",\"description\":\"\",\"potentialAction\":[{\"@type\":\"SearchAction\",\"target\":{\"@type\":\"EntryPoint\",\"urlTemplate\":\"https:\/\/www.beste-poker-seite.de\/no\/?s={search_term_string}\"},\"query-input\":{\"@type\":\"PropertyValueSpecification\",\"valueRequired\":true,\"valueName\":\"search_term_string\"}}],\"inLanguage\":\"nb-NO\"}]}<\/script>\n<!-- \/ Yoast SEO plugin. -->","yoast_head_json":{"title":"Hvilken er den beste nettpokersiden?","robots":{"index":"index","follow":"follow","max-snippet":"max-snippet:-1","max-image-preview":"max-image-preview:large","max-video-preview":"max-video-preview:-1"},"canonical":"https:\/\/www.beste-poker-seite.de\/no\/","og_locale":"nb_NO","og_type":"article","og_title":"Hvilken er den beste nettpokersiden?","og_description":"Hvilken er den beste nettpokersiden? Det er ikke noe enkelt svar p\u00e5 sp\u00f8rsm\u00e5let om hvilken som er den beste nettpokersiden. Svaret avhenger av hva den enkelte spiller setter mest pris p\u00e5, men ogs\u00e5 av hvordan han spiller. Noen pokersider tilbyr nesten utelukkende Texas Holdem Poker, mens andre nettsider ogs\u00e5 tilbyr et mer eller mindre stort [&hellip;]","og_url":"https:\/\/www.beste-poker-seite.de\/no\/","og_site_name":"Beste Poker Seite","twitter_card":"summary_large_image","twitter_misc":{"Ansl. lesetid":"1 minutt"},"schema":{"@context":"https:\/\/schema.org","@graph":[{"@type":"WebPage","@id":"https:\/\/www.beste-poker-seite.de\/no\/","url":"https:\/\/www.beste-poker-seite.de\/no\/","name":"Hvilken er den beste nettpokersiden?","isPartOf":{"@id":"https:\/\/www.beste-poker-seite.de\/no\/#website"},"datePublished":"2024-09-09T13:42:24+00:00","breadcrumb":{"@id":"https:\/\/www.beste-poker-seite.de\/no\/#breadcrumb"},"inLanguage":"nb-NO","potentialAction":[{"@type":"ReadAction","target":["https:\/\/www.beste-poker-seite.de\/no\/"]}]},{"@type":"BreadcrumbList","@id":"https:\/\/www.beste-poker-seite.de\/no\/#breadcrumb","itemListElement":[{"@type":"ListItem","position":1,"name":"Home","item":"https:\/\/www.beste-poker-seite.de\/no\/hjem\/"},{"@type":"ListItem","position":2,"name":"Hjem"}]},{"@type":"WebSite","@id":"https:\/\/www.beste-poker-seite.de\/no\/#website","url":"https:\/\/www.beste-poker-seite.de\/no\/","name":"Beste Poker Seite","description":"","potentialAction":[{"@type":"SearchAction","target":{"@type":"EntryPoint","urlTemplate":"https:\/\/www.beste-poker-seite.de\/no\/?s={search_term_string}"},"query-input":{"@type":"PropertyValueSpecification","valueRequired":true,"valueName":"search_term_string"}}],"inLanguage":"nb-NO"}]}},"_links":{"self":[{"href":"https:\/\/www.beste-poker-seite.de\/no\/wp-json\/wp\/v2\/pages\/184","targetHints":{"allow":["GET"]}}],"collection":[{"href":"https:\/\/www.beste-poker-seite.de\/no\/wp-json\/wp\/v2\/pages"}],"about":[{"href":"https:\/\/www.beste-poker-seite.de\/no\/wp-json\/wp\/v2\/types\/page"}],"author":[{"embeddable":true,"href":"https:\/\/www.beste-poker-seite.de\/no\/wp-json\/wp\/v2\/users\/1"}],"replies":[{"embeddable":true,"href":"https:\/\/www.beste-poker-seite.de\/no\/wp-json\/wp\/v2\/comments?post=184"}],"version-history":[{"count":0,"href":"https:\/\/www.beste-poker-seite.de\/no\/wp-json\/wp\/v2\/pages\/184\/revisions"}],"wp:attachment":[{"href":"https:\/\/www.beste-poker-seite.de\/no\/wp-json\/wp\/v2\/media?parent=184"}],"curies":[{"name":"wp","href":"https:\/\/api.w.org\/{rel}","templated":true}]}}