{"id":218,"date":"2024-09-09T14:42:24","date_gmt":"2024-09-09T13:42:24","guid":{"rendered":"https:\/\/www.beste-poker-seite.de\/casa\/"},"modified":"2024-09-09T14:42:24","modified_gmt":"2024-09-09T13:42:24","slug":"casa","status":"publish","type":"page","link":"https:\/\/www.beste-poker-seite.de\/pt-pt\/","title":{"rendered":"Casa"},"content":{"rendered":"<h2>Qual \u00e9 o melhor site de p\u00f3quer online?<\/h2>\n<p>N\u00e3o h\u00e1 uma resposta f\u00e1cil para a quest\u00e3o de qual \u00e9 o melhor site de p\u00f3quer online. A resposta depende do que cada jogador mais valoriza, mas tamb\u00e9m da forma como joga. Alguns sites de p\u00f3quer oferecem quase exclusivamente o Texas Holdem Poker, enquanto outros sites tamb\u00e9m oferecem uma sele\u00e7\u00e3o mais ou menos grande de outros jogos, como o Omaha ou o Stud. Alguns sites s\u00e3o mais direcionados para casinos online, e a sala de p\u00f3quer \u00e9 mais enteada e, por isso, menos recomendada.   <\/p>\n<p>Por exemplo, para um jogador t\u00edpico de jogos a dinheiro, o Bet365 Poker pode ser o melhor site de p\u00f3quer online, enquanto um jogador de torneio pode preferir o 888 Poker. Muitos jogadores tamb\u00e9m procuram simplesmente o site de p\u00f3quer com o b\u00f3nus de dep\u00f3sito mais elevado. Depois, claro, h\u00e1 tamb\u00e9m os \u201chigh rollers\u201d, que procuram o melhor site de p\u00f3quer para jogar com apostas altas  <\/p>\n<p>Mas h\u00e1 toda uma s\u00e9rie de outros crit\u00e9rios, como a qualidade do software, se o servi\u00e7o ao cliente est\u00e1 dispon\u00edvel em alem\u00e3o, o n\u00edvel de habilidade dos advers\u00e1rios ou a disponibilidade de um m\u00e9todo de dep\u00f3sito espec\u00edfico.<\/p>\n<p>No nosso site encontrar\u00e1 recomenda\u00e7\u00f5es de sites de p\u00f3quer online que melhor se adequam a determinados crit\u00e9rios. N\u00e3o importa o que \u00e9 mais importante para si, n\u00f3s diremos qual o site de p\u00f3quer certo para si. <\/p>\n<p>Uma vez que um bom b\u00f3nus de p\u00f3quer \u00e9 importante para todos os jogadores, tamb\u00e9m receber\u00e1 informa\u00e7\u00f5es nossas sobre o maior b\u00f3nus atual para todos os sites de p\u00f3quer online. \u00c9 importante para este b\u00f3nus inserir o c\u00f3digo de b\u00f3nus de p\u00f3quer atual &#8211; tamb\u00e9m pode encontrar esta informa\u00e7\u00e3o no nosso site. <\/p>\n<p>&nbsp;<\/p>\n","protected":false},"excerpt":{"rendered":"<p>Qual \u00e9 o melhor site de p\u00f3quer online? N\u00e3o h\u00e1 uma resposta f\u00e1cil para a quest\u00e3o de qual \u00e9 o melhor site de p\u00f3quer online. A resposta depende do que cada jogador mais valoriza, mas tamb\u00e9m da forma como joga. Alguns sites de p\u00f3quer oferecem quase exclusivamente o Texas Holdem Poker, enquanto outros sites tamb\u00e9m [&hellip;]<\/p>\n","protected":false},"author":1,"featured_media":0,"parent":0,"menu_order":0,"comment_status":"closed","ping_status":"closed","template":"","meta":{"footnotes":""},"class_list":["post-218","page","type-page","status-publish","hentry"],"yoast_head":"<!-- This site is optimized with the Yoast SEO plugin v25.9 - https:\/\/yoast.com\/wordpress\/plugins\/seo\/ -->\n<title>Qual \u00e9 o melhor site de p\u00f3quer online?<\/title>\n<meta name=\"robots\" content=\"index, follow, max-snippet:-1, max-image-preview:large, max-video-preview:-1\" \/>\n<link rel=\"canonical\" href=\"https:\/\/www.beste-poker-seite.de\/pt-pt\/\" \/>\n<meta property=\"og:locale\" content=\"pt_PT\" \/>\n<meta property=\"og:type\" content=\"article\" \/>\n<meta property=\"og:title\" content=\"Qual \u00e9 o melhor site de p\u00f3quer online?\" \/>\n<meta property=\"og:description\" content=\"Qual \u00e9 o melhor site de p\u00f3quer online? N\u00e3o h\u00e1 uma resposta f\u00e1cil para a quest\u00e3o de qual \u00e9 o melhor site de p\u00f3quer online. A resposta depende do que cada jogador mais valoriza, mas tamb\u00e9m da forma como joga. Alguns sites de p\u00f3quer oferecem quase exclusivamente o Texas Holdem Poker, enquanto outros sites tamb\u00e9m [&hellip;]\" \/>\n<meta property=\"og:url\" content=\"https:\/\/www.beste-poker-seite.de\/pt-pt\/\" \/>\n<meta property=\"og:site_name\" content=\"Beste Poker Seite\" \/>\n<meta name=\"twitter:card\" content=\"summary_large_image\" \/>\n<meta name=\"twitter:label1\" content=\"Tempo estimado de leitura\" \/>\n\t<meta name=\"twitter:data1\" content=\"2 minutos\" \/>\n<script type=\"application\/ld+json\" class=\"yoast-schema-graph\">{\"@context\":\"https:\/\/schema.org\",\"@graph\":[{\"@type\":\"WebPage\",\"@id\":\"https:\/\/www.beste-poker-seite.de\/pt-pt\/\",\"url\":\"https:\/\/www.beste-poker-seite.de\/pt-pt\/\",\"name\":\"Qual \u00e9 o melhor site de p\u00f3quer online?\",\"isPartOf\":{\"@id\":\"https:\/\/www.beste-poker-seite.de\/pt-pt\/#website\"},\"datePublished\":\"2024-09-09T13:42:24+00:00\",\"breadcrumb\":{\"@id\":\"https:\/\/www.beste-poker-seite.de\/pt-pt\/#breadcrumb\"},\"inLanguage\":\"pt-PT\",\"potentialAction\":[{\"@type\":\"ReadAction\",\"target\":[\"https:\/\/www.beste-poker-seite.de\/pt-pt\/\"]}]},{\"@type\":\"BreadcrumbList\",\"@id\":\"https:\/\/www.beste-poker-seite.de\/pt-pt\/#breadcrumb\",\"itemListElement\":[{\"@type\":\"ListItem\",\"position\":1,\"name\":\"Home\",\"item\":\"https:\/\/www.beste-poker-seite.de\/pt-pt\/casa\/\"},{\"@type\":\"ListItem\",\"position\":2,\"name\":\"Casa\"}]},{\"@type\":\"WebSite\",\"@id\":\"https:\/\/www.beste-poker-seite.de\/pt-pt\/#website\",\"url\":\"https:\/\/www.beste-poker-seite.de\/pt-pt\/\",\"name\":\"Beste Poker Seite\",\"description\":\"\",\"potentialAction\":[{\"@type\":\"SearchAction\",\"target\":{\"@type\":\"EntryPoint\",\"urlTemplate\":\"https:\/\/www.beste-poker-seite.de\/pt-pt\/?s={search_term_string}\"},\"query-input\":{\"@type\":\"PropertyValueSpecification\",\"valueRequired\":true,\"valueName\":\"search_term_string\"}}],\"inLanguage\":\"pt-PT\"}]}<\/script>\n<!-- \/ Yoast SEO plugin. -->","yoast_head_json":{"title":"Qual \u00e9 o melhor site de p\u00f3quer online?","robots":{"index":"index","follow":"follow","max-snippet":"max-snippet:-1","max-image-preview":"max-image-preview:large","max-video-preview":"max-video-preview:-1"},"canonical":"https:\/\/www.beste-poker-seite.de\/pt-pt\/","og_locale":"pt_PT","og_type":"article","og_title":"Qual \u00e9 o melhor site de p\u00f3quer online?","og_description":"Qual \u00e9 o melhor site de p\u00f3quer online? N\u00e3o h\u00e1 uma resposta f\u00e1cil para a quest\u00e3o de qual \u00e9 o melhor site de p\u00f3quer online. A resposta depende do que cada jogador mais valoriza, mas tamb\u00e9m da forma como joga. Alguns sites de p\u00f3quer oferecem quase exclusivamente o Texas Holdem Poker, enquanto outros sites tamb\u00e9m [&hellip;]","og_url":"https:\/\/www.beste-poker-seite.de\/pt-pt\/","og_site_name":"Beste Poker Seite","twitter_card":"summary_large_image","twitter_misc":{"Tempo estimado de leitura":"2 minutos"},"schema":{"@context":"https:\/\/schema.org","@graph":[{"@type":"WebPage","@id":"https:\/\/www.beste-poker-seite.de\/pt-pt\/","url":"https:\/\/www.beste-poker-seite.de\/pt-pt\/","name":"Qual \u00e9 o melhor site de p\u00f3quer online?","isPartOf":{"@id":"https:\/\/www.beste-poker-seite.de\/pt-pt\/#website"},"datePublished":"2024-09-09T13:42:24+00:00","breadcrumb":{"@id":"https:\/\/www.beste-poker-seite.de\/pt-pt\/#breadcrumb"},"inLanguage":"pt-PT","potentialAction":[{"@type":"ReadAction","target":["https:\/\/www.beste-poker-seite.de\/pt-pt\/"]}]},{"@type":"BreadcrumbList","@id":"https:\/\/www.beste-poker-seite.de\/pt-pt\/#breadcrumb","itemListElement":[{"@type":"ListItem","position":1,"name":"Home","item":"https:\/\/www.beste-poker-seite.de\/pt-pt\/casa\/"},{"@type":"ListItem","position":2,"name":"Casa"}]},{"@type":"WebSite","@id":"https:\/\/www.beste-poker-seite.de\/pt-pt\/#website","url":"https:\/\/www.beste-poker-seite.de\/pt-pt\/","name":"Beste Poker Seite","description":"","potentialAction":[{"@type":"SearchAction","target":{"@type":"EntryPoint","urlTemplate":"https:\/\/www.beste-poker-seite.de\/pt-pt\/?s={search_term_string}"},"query-input":{"@type":"PropertyValueSpecification","valueRequired":true,"valueName":"search_term_string"}}],"inLanguage":"pt-PT"}]}},"_links":{"self":[{"href":"https:\/\/www.beste-poker-seite.de\/pt-pt\/wp-json\/wp\/v2\/pages\/218","targetHints":{"allow":["GET"]}}],"collection":[{"href":"https:\/\/www.beste-poker-seite.de\/pt-pt\/wp-json\/wp\/v2\/pages"}],"about":[{"href":"https:\/\/www.beste-poker-seite.de\/pt-pt\/wp-json\/wp\/v2\/types\/page"}],"author":[{"embeddable":true,"href":"https:\/\/www.beste-poker-seite.de\/pt-pt\/wp-json\/wp\/v2\/users\/1"}],"replies":[{"embeddable":true,"href":"https:\/\/www.beste-poker-seite.de\/pt-pt\/wp-json\/wp\/v2\/comments?post=218"}],"version-history":[{"count":0,"href":"https:\/\/www.beste-poker-seite.de\/pt-pt\/wp-json\/wp\/v2\/pages\/218\/revisions"}],"wp:attachment":[{"href":"https:\/\/www.beste-poker-seite.de\/pt-pt\/wp-json\/wp\/v2\/media?parent=218"}],"curies":[{"name":"wp","href":"https:\/\/api.w.org\/{rel}","templated":true}]}}