{"id":235,"date":"2024-09-09T14:42:24","date_gmt":"2024-09-09T13:42:24","guid":{"rendered":"https:\/\/www.beste-poker-seite.de\/acasa\/"},"modified":"2024-09-09T14:42:24","modified_gmt":"2024-09-09T13:42:24","slug":"acasa","status":"publish","type":"page","link":"https:\/\/www.beste-poker-seite.de\/ro\/","title":{"rendered":"Acas\u0103"},"content":{"rendered":"<h2>Care este cel mai bun site de poker online?<\/h2>\n<p>Nu exist\u0103 un r\u0103spuns u\u0219or la \u00eentrebarea care este cel mai bun site de poker online. R\u0103spunsul depinde de ceea ce pre\u021buie\u0219te cel mai mult juc\u0103torul individual, dar \u0219i de modul \u00een care joac\u0103. Unele site-uri de poker ofer\u0103 aproape exclusiv Texas Holdem Poker, \u00een timp ce alte site-uri ofer\u0103 \u0219i o selec\u021bie mai mult sau mai pu\u021bin mare de alte jocuri precum Omaha sau Stud. Unele site-uri web sunt mai orientate c\u0103tre cazinourile online, iar camera de poker este mai mult un copil vitreg \u0219i, prin urmare, mai pu\u021bin recomandat\u0103.<\/p>\n<p>De exemplu, pentru un juc\u0103tor tipic de jocuri cash, Bet365 Poker poate fi cel mai bun site de poker online, \u00een timp ce un juc\u0103tor de turneu poate prefera 888 Poker. Mul\u021bi juc\u0103tori caut\u0103 pur \u0219i simplu site-ul de poker cu cel mai mare bonus de depunere. Apoi, desigur, exist\u0103 \u0219i \u201ehigh rollers\u201d, care caut\u0103 cel mai bun site de poker pentru a juca cu mize mari<\/p>\n<p>Dar exist\u0103 o \u00eentreag\u0103 gam\u0103 de alte criterii, cum ar fi calitatea software-ului, dac\u0103 serviciul pentru clien\u021bi este disponibil \u00een limba german\u0103, nivelul de calificare al adversarilor sau disponibilitatea unei anumite metode de depunere.<\/p>\n<p>Pe site-ul nostru ve\u021bi g\u0103si recomand\u0103ri de site-uri de poker online care \u00eendeplinesc cel mai bine anumite criterii. Indiferent de ceea ce este cel mai important pentru tine, \u00ee\u021bi vom spune ce site de poker este potrivit pentru tine.<\/p>\n<p>Deoarece un bonus bun de poker este important pentru fiecare juc\u0103tor, ve\u021bi primi \u0219i informa\u021bii de la noi despre cel mai mare bonus actual pentru toate site-urile de poker online. Este important pentru acest bonus s\u0103 introduce\u021bi codul actual al bonusului de poker &#8211; pute\u021bi g\u0103si aceste informa\u021bii \u0219i pe site-ul nostru.<\/p>\n<p>&nbsp;<\/p>\n","protected":false},"excerpt":{"rendered":"<p>Care este cel mai bun site de poker online? Nu exist\u0103 un r\u0103spuns u\u0219or la \u00eentrebarea care este cel mai bun site de poker online. R\u0103spunsul depinde de ceea ce pre\u021buie\u0219te cel mai mult juc\u0103torul individual, dar \u0219i de modul \u00een care joac\u0103. Unele site-uri de poker ofer\u0103 aproape exclusiv Texas Holdem Poker, \u00een timp [&hellip;]<\/p>\n","protected":false},"author":1,"featured_media":0,"parent":0,"menu_order":0,"comment_status":"closed","ping_status":"closed","template":"","meta":{"footnotes":""},"class_list":["post-235","page","type-page","status-publish","hentry"],"yoast_head":"<!-- This site is optimized with the Yoast SEO plugin v25.9 - https:\/\/yoast.com\/wordpress\/plugins\/seo\/ -->\n<title>Care este cel mai bun site de poker online?<\/title>\n<meta name=\"robots\" content=\"index, follow, max-snippet:-1, max-image-preview:large, max-video-preview:-1\" \/>\n<link rel=\"canonical\" href=\"https:\/\/www.beste-poker-seite.de\/ro\/\" \/>\n<meta property=\"og:locale\" content=\"ro_RO\" \/>\n<meta property=\"og:type\" content=\"article\" \/>\n<meta property=\"og:title\" content=\"Care este cel mai bun site de poker online?\" \/>\n<meta property=\"og:description\" content=\"Care este cel mai bun site de poker online? Nu exist\u0103 un r\u0103spuns u\u0219or la \u00eentrebarea care este cel mai bun site de poker online. R\u0103spunsul depinde de ceea ce pre\u021buie\u0219te cel mai mult juc\u0103torul individual, dar \u0219i de modul \u00een care joac\u0103. Unele site-uri de poker ofer\u0103 aproape exclusiv Texas Holdem Poker, \u00een timp [&hellip;]\" \/>\n<meta property=\"og:url\" content=\"https:\/\/www.beste-poker-seite.de\/ro\/\" \/>\n<meta property=\"og:site_name\" content=\"Beste Poker Seite\" \/>\n<meta name=\"twitter:card\" content=\"summary_large_image\" \/>\n<meta name=\"twitter:label1\" content=\"Timp estimat pentru citire\" \/>\n\t<meta name=\"twitter:data1\" content=\"2 minute\" \/>\n<script type=\"application\/ld+json\" class=\"yoast-schema-graph\">{\"@context\":\"https:\/\/schema.org\",\"@graph\":[{\"@type\":\"WebPage\",\"@id\":\"https:\/\/www.beste-poker-seite.de\/ro\/\",\"url\":\"https:\/\/www.beste-poker-seite.de\/ro\/\",\"name\":\"Care este cel mai bun site de poker online?\",\"isPartOf\":{\"@id\":\"https:\/\/www.beste-poker-seite.de\/ro\/#website\"},\"datePublished\":\"2024-09-09T13:42:24+00:00\",\"breadcrumb\":{\"@id\":\"https:\/\/www.beste-poker-seite.de\/ro\/#breadcrumb\"},\"inLanguage\":\"ro-RO\",\"potentialAction\":[{\"@type\":\"ReadAction\",\"target\":[\"https:\/\/www.beste-poker-seite.de\/ro\/\"]}]},{\"@type\":\"BreadcrumbList\",\"@id\":\"https:\/\/www.beste-poker-seite.de\/ro\/#breadcrumb\",\"itemListElement\":[{\"@type\":\"ListItem\",\"position\":1,\"name\":\"Home\",\"item\":\"https:\/\/www.beste-poker-seite.de\/ro\/acasa\/\"},{\"@type\":\"ListItem\",\"position\":2,\"name\":\"Acas\u0103\"}]},{\"@type\":\"WebSite\",\"@id\":\"https:\/\/www.beste-poker-seite.de\/ro\/#website\",\"url\":\"https:\/\/www.beste-poker-seite.de\/ro\/\",\"name\":\"Beste Poker Seite\",\"description\":\"\",\"potentialAction\":[{\"@type\":\"SearchAction\",\"target\":{\"@type\":\"EntryPoint\",\"urlTemplate\":\"https:\/\/www.beste-poker-seite.de\/ro\/?s={search_term_string}\"},\"query-input\":{\"@type\":\"PropertyValueSpecification\",\"valueRequired\":true,\"valueName\":\"search_term_string\"}}],\"inLanguage\":\"ro-RO\"}]}<\/script>\n<!-- \/ Yoast SEO plugin. -->","yoast_head_json":{"title":"Care este cel mai bun site de poker online?","robots":{"index":"index","follow":"follow","max-snippet":"max-snippet:-1","max-image-preview":"max-image-preview:large","max-video-preview":"max-video-preview:-1"},"canonical":"https:\/\/www.beste-poker-seite.de\/ro\/","og_locale":"ro_RO","og_type":"article","og_title":"Care este cel mai bun site de poker online?","og_description":"Care este cel mai bun site de poker online? Nu exist\u0103 un r\u0103spuns u\u0219or la \u00eentrebarea care este cel mai bun site de poker online. R\u0103spunsul depinde de ceea ce pre\u021buie\u0219te cel mai mult juc\u0103torul individual, dar \u0219i de modul \u00een care joac\u0103. Unele site-uri de poker ofer\u0103 aproape exclusiv Texas Holdem Poker, \u00een timp [&hellip;]","og_url":"https:\/\/www.beste-poker-seite.de\/ro\/","og_site_name":"Beste Poker Seite","twitter_card":"summary_large_image","twitter_misc":{"Timp estimat pentru citire":"2 minute"},"schema":{"@context":"https:\/\/schema.org","@graph":[{"@type":"WebPage","@id":"https:\/\/www.beste-poker-seite.de\/ro\/","url":"https:\/\/www.beste-poker-seite.de\/ro\/","name":"Care este cel mai bun site de poker online?","isPartOf":{"@id":"https:\/\/www.beste-poker-seite.de\/ro\/#website"},"datePublished":"2024-09-09T13:42:24+00:00","breadcrumb":{"@id":"https:\/\/www.beste-poker-seite.de\/ro\/#breadcrumb"},"inLanguage":"ro-RO","potentialAction":[{"@type":"ReadAction","target":["https:\/\/www.beste-poker-seite.de\/ro\/"]}]},{"@type":"BreadcrumbList","@id":"https:\/\/www.beste-poker-seite.de\/ro\/#breadcrumb","itemListElement":[{"@type":"ListItem","position":1,"name":"Home","item":"https:\/\/www.beste-poker-seite.de\/ro\/acasa\/"},{"@type":"ListItem","position":2,"name":"Acas\u0103"}]},{"@type":"WebSite","@id":"https:\/\/www.beste-poker-seite.de\/ro\/#website","url":"https:\/\/www.beste-poker-seite.de\/ro\/","name":"Beste Poker Seite","description":"","potentialAction":[{"@type":"SearchAction","target":{"@type":"EntryPoint","urlTemplate":"https:\/\/www.beste-poker-seite.de\/ro\/?s={search_term_string}"},"query-input":{"@type":"PropertyValueSpecification","valueRequired":true,"valueName":"search_term_string"}}],"inLanguage":"ro-RO"}]}},"_links":{"self":[{"href":"https:\/\/www.beste-poker-seite.de\/ro\/wp-json\/wp\/v2\/pages\/235","targetHints":{"allow":["GET"]}}],"collection":[{"href":"https:\/\/www.beste-poker-seite.de\/ro\/wp-json\/wp\/v2\/pages"}],"about":[{"href":"https:\/\/www.beste-poker-seite.de\/ro\/wp-json\/wp\/v2\/types\/page"}],"author":[{"embeddable":true,"href":"https:\/\/www.beste-poker-seite.de\/ro\/wp-json\/wp\/v2\/users\/1"}],"replies":[{"embeddable":true,"href":"https:\/\/www.beste-poker-seite.de\/ro\/wp-json\/wp\/v2\/comments?post=235"}],"version-history":[{"count":0,"href":"https:\/\/www.beste-poker-seite.de\/ro\/wp-json\/wp\/v2\/pages\/235\/revisions"}],"wp:attachment":[{"href":"https:\/\/www.beste-poker-seite.de\/ro\/wp-json\/wp\/v2\/media?parent=235"}],"curies":[{"name":"wp","href":"https:\/\/api.w.org\/{rel}","templated":true}]}}