{"id":286,"date":"2024-09-09T14:42:24","date_gmt":"2024-09-09T13:42:24","guid":{"rendered":"https:\/\/www.beste-poker-seite.de\/hem\/"},"modified":"2024-09-09T14:42:24","modified_gmt":"2024-09-09T13:42:24","slug":"hem","status":"publish","type":"page","link":"https:\/\/www.beste-poker-seite.de\/sv\/","title":{"rendered":"Hem"},"content":{"rendered":"<h2>Vilken \u00e4r den b\u00e4sta pokersajten online?<\/h2>\n<p>Det finns inget enkelt svar p\u00e5 fr\u00e5gan om vilken som \u00e4r den b\u00e4sta pokersajten online. Svaret beror p\u00e5 vad den enskilda spelaren v\u00e4rdes\u00e4tter h\u00f6gst, men ocks\u00e5 p\u00e5 hur han spelar. Vissa pokersajter erbjuder n\u00e4stan uteslutande Texas Holdem Poker, medan andra sajter ocks\u00e5 erbjuder ett mer eller mindre stort utbud av andra spel som Omaha eller Stud. Vissa webbplatser \u00e4r mer inriktade p\u00e5 onlinekasinon, och pokerrummet \u00e4r mer av ett styvbarn och d\u00e4rf\u00f6r mindre rekommenderat.<\/p>\n<p>Till exempel, f\u00f6r en typisk cash game-spelare kan Bet365 Poker vara den b\u00e4sta pokersajten online, medan en turneringsspelare kanske f\u00f6redrar 888 Poker. M\u00e5nga spelare letar ocks\u00e5 helt enkelt efter pokerwebbplatsen med den h\u00f6gsta ins\u00e4ttningsbonusen. Sedan finns det s\u00e5klart \u00e4ven &#8221;high rollers&#8221;, som letar efter den b\u00e4sta pokerwebbplatsen f\u00f6r att spela med h\u00f6ga insatser<\/p>\n<p>Men det finns en hel rad andra kriterier, som kvaliteten p\u00e5 mjukvaran, om kundtj\u00e4nst \u00e4r tillg\u00e4nglig p\u00e5 tyska, motst\u00e5ndarnas skicklighetsniv\u00e5 eller tillg\u00e4ngligheten av en specifik ins\u00e4ttningsmetod.<\/p>\n<p>P\u00e5 v\u00e5r hemsida hittar du rekommendationer av pokersajter online som b\u00e4st uppfyller vissa kriterier. Oavsett vad som \u00e4r viktigast f\u00f6r dig kommer vi att ber\u00e4tta vilken pokersajt som \u00e4r r\u00e4tt f\u00f6r dig.<\/p>\n<p>Eftersom en bra pokerbonus \u00e4r viktig f\u00f6r varje spelare f\u00e5r du \u00e4ven information fr\u00e5n oss om den nuvarande h\u00f6gsta bonusen f\u00f6r alla pokersajter online. Det \u00e4r viktigt f\u00f6r denna bonus att ange den aktuella pokerbonuskoden \u2013 du kan \u00e4ven hitta denna information p\u00e5 v\u00e5r hemsida.<\/p>\n<p>&nbsp;<\/p>\n","protected":false},"excerpt":{"rendered":"<p>Vilken \u00e4r den b\u00e4sta pokersajten online? Det finns inget enkelt svar p\u00e5 fr\u00e5gan om vilken som \u00e4r den b\u00e4sta pokersajten online. Svaret beror p\u00e5 vad den enskilda spelaren v\u00e4rdes\u00e4tter h\u00f6gst, men ocks\u00e5 p\u00e5 hur han spelar. Vissa pokersajter erbjuder n\u00e4stan uteslutande Texas Holdem Poker, medan andra sajter ocks\u00e5 erbjuder ett mer eller mindre stort utbud [&hellip;]<\/p>\n","protected":false},"author":1,"featured_media":0,"parent":0,"menu_order":0,"comment_status":"closed","ping_status":"closed","template":"","meta":{"footnotes":""},"class_list":["post-286","page","type-page","status-publish","hentry"],"yoast_head":"<!-- This site is optimized with the Yoast SEO plugin v25.9 - https:\/\/yoast.com\/wordpress\/plugins\/seo\/ -->\n<title>Vilken \u00e4r den b\u00e4sta pokersajten online?<\/title>\n<meta name=\"robots\" content=\"index, follow, max-snippet:-1, max-image-preview:large, max-video-preview:-1\" \/>\n<link rel=\"canonical\" href=\"https:\/\/www.beste-poker-seite.de\/sv\/\" \/>\n<meta property=\"og:locale\" content=\"sv_SE\" \/>\n<meta property=\"og:type\" content=\"article\" \/>\n<meta property=\"og:title\" content=\"Vilken \u00e4r den b\u00e4sta pokersajten online?\" \/>\n<meta property=\"og:description\" content=\"Vilken \u00e4r den b\u00e4sta pokersajten online? Det finns inget enkelt svar p\u00e5 fr\u00e5gan om vilken som \u00e4r den b\u00e4sta pokersajten online. Svaret beror p\u00e5 vad den enskilda spelaren v\u00e4rdes\u00e4tter h\u00f6gst, men ocks\u00e5 p\u00e5 hur han spelar. Vissa pokersajter erbjuder n\u00e4stan uteslutande Texas Holdem Poker, medan andra sajter ocks\u00e5 erbjuder ett mer eller mindre stort utbud [&hellip;]\" \/>\n<meta property=\"og:url\" content=\"https:\/\/www.beste-poker-seite.de\/sv\/\" \/>\n<meta property=\"og:site_name\" content=\"Beste Poker Seite\" \/>\n<meta name=\"twitter:card\" content=\"summary_large_image\" \/>\n<meta name=\"twitter:label1\" content=\"Ber\u00e4knad l\u00e4stid\" \/>\n\t<meta name=\"twitter:data1\" content=\"1 minut\" \/>\n<script type=\"application\/ld+json\" class=\"yoast-schema-graph\">{\"@context\":\"https:\/\/schema.org\",\"@graph\":[{\"@type\":\"WebPage\",\"@id\":\"https:\/\/www.beste-poker-seite.de\/sv\/\",\"url\":\"https:\/\/www.beste-poker-seite.de\/sv\/\",\"name\":\"Vilken \u00e4r den b\u00e4sta pokersajten online?\",\"isPartOf\":{\"@id\":\"https:\/\/www.beste-poker-seite.de\/sv\/#website\"},\"datePublished\":\"2024-09-09T13:42:24+00:00\",\"breadcrumb\":{\"@id\":\"https:\/\/www.beste-poker-seite.de\/sv\/#breadcrumb\"},\"inLanguage\":\"sv-SE\",\"potentialAction\":[{\"@type\":\"ReadAction\",\"target\":[\"https:\/\/www.beste-poker-seite.de\/sv\/\"]}]},{\"@type\":\"BreadcrumbList\",\"@id\":\"https:\/\/www.beste-poker-seite.de\/sv\/#breadcrumb\",\"itemListElement\":[{\"@type\":\"ListItem\",\"position\":1,\"name\":\"Home\",\"item\":\"https:\/\/www.beste-poker-seite.de\/sv\/hem\/\"},{\"@type\":\"ListItem\",\"position\":2,\"name\":\"Hem\"}]},{\"@type\":\"WebSite\",\"@id\":\"https:\/\/www.beste-poker-seite.de\/sv\/#website\",\"url\":\"https:\/\/www.beste-poker-seite.de\/sv\/\",\"name\":\"Beste Poker Seite\",\"description\":\"\",\"potentialAction\":[{\"@type\":\"SearchAction\",\"target\":{\"@type\":\"EntryPoint\",\"urlTemplate\":\"https:\/\/www.beste-poker-seite.de\/sv\/?s={search_term_string}\"},\"query-input\":{\"@type\":\"PropertyValueSpecification\",\"valueRequired\":true,\"valueName\":\"search_term_string\"}}],\"inLanguage\":\"sv-SE\"}]}<\/script>\n<!-- \/ Yoast SEO plugin. -->","yoast_head_json":{"title":"Vilken \u00e4r den b\u00e4sta pokersajten online?","robots":{"index":"index","follow":"follow","max-snippet":"max-snippet:-1","max-image-preview":"max-image-preview:large","max-video-preview":"max-video-preview:-1"},"canonical":"https:\/\/www.beste-poker-seite.de\/sv\/","og_locale":"sv_SE","og_type":"article","og_title":"Vilken \u00e4r den b\u00e4sta pokersajten online?","og_description":"Vilken \u00e4r den b\u00e4sta pokersajten online? Det finns inget enkelt svar p\u00e5 fr\u00e5gan om vilken som \u00e4r den b\u00e4sta pokersajten online. Svaret beror p\u00e5 vad den enskilda spelaren v\u00e4rdes\u00e4tter h\u00f6gst, men ocks\u00e5 p\u00e5 hur han spelar. Vissa pokersajter erbjuder n\u00e4stan uteslutande Texas Holdem Poker, medan andra sajter ocks\u00e5 erbjuder ett mer eller mindre stort utbud [&hellip;]","og_url":"https:\/\/www.beste-poker-seite.de\/sv\/","og_site_name":"Beste Poker Seite","twitter_card":"summary_large_image","twitter_misc":{"Ber\u00e4knad l\u00e4stid":"1 minut"},"schema":{"@context":"https:\/\/schema.org","@graph":[{"@type":"WebPage","@id":"https:\/\/www.beste-poker-seite.de\/sv\/","url":"https:\/\/www.beste-poker-seite.de\/sv\/","name":"Vilken \u00e4r den b\u00e4sta pokersajten online?","isPartOf":{"@id":"https:\/\/www.beste-poker-seite.de\/sv\/#website"},"datePublished":"2024-09-09T13:42:24+00:00","breadcrumb":{"@id":"https:\/\/www.beste-poker-seite.de\/sv\/#breadcrumb"},"inLanguage":"sv-SE","potentialAction":[{"@type":"ReadAction","target":["https:\/\/www.beste-poker-seite.de\/sv\/"]}]},{"@type":"BreadcrumbList","@id":"https:\/\/www.beste-poker-seite.de\/sv\/#breadcrumb","itemListElement":[{"@type":"ListItem","position":1,"name":"Home","item":"https:\/\/www.beste-poker-seite.de\/sv\/hem\/"},{"@type":"ListItem","position":2,"name":"Hem"}]},{"@type":"WebSite","@id":"https:\/\/www.beste-poker-seite.de\/sv\/#website","url":"https:\/\/www.beste-poker-seite.de\/sv\/","name":"Beste Poker Seite","description":"","potentialAction":[{"@type":"SearchAction","target":{"@type":"EntryPoint","urlTemplate":"https:\/\/www.beste-poker-seite.de\/sv\/?s={search_term_string}"},"query-input":{"@type":"PropertyValueSpecification","valueRequired":true,"valueName":"search_term_string"}}],"inLanguage":"sv-SE"}]}},"_links":{"self":[{"href":"https:\/\/www.beste-poker-seite.de\/sv\/wp-json\/wp\/v2\/pages\/286","targetHints":{"allow":["GET"]}}],"collection":[{"href":"https:\/\/www.beste-poker-seite.de\/sv\/wp-json\/wp\/v2\/pages"}],"about":[{"href":"https:\/\/www.beste-poker-seite.de\/sv\/wp-json\/wp\/v2\/types\/page"}],"author":[{"embeddable":true,"href":"https:\/\/www.beste-poker-seite.de\/sv\/wp-json\/wp\/v2\/users\/1"}],"replies":[{"embeddable":true,"href":"https:\/\/www.beste-poker-seite.de\/sv\/wp-json\/wp\/v2\/comments?post=286"}],"version-history":[{"count":0,"href":"https:\/\/www.beste-poker-seite.de\/sv\/wp-json\/wp\/v2\/pages\/286\/revisions"}],"wp:attachment":[{"href":"https:\/\/www.beste-poker-seite.de\/sv\/wp-json\/wp\/v2\/media?parent=286"}],"curies":[{"name":"wp","href":"https:\/\/api.w.org\/{rel}","templated":true}]}}